{"id":15730,"date":"2025-05-29T10:01:27","date_gmt":"2025-05-29T08:01:27","guid":{"rendered":"https:\/\/edonesicilia.comedone\/?page_id=15730"},"modified":"2026-04-06T09:27:50","modified_gmt":"2026-04-06T07:27:50","slug":"pistacchio","status":"publish","type":"page","link":"https:\/\/edonesicilia.com\/it\/pistacchio\/","title":{"rendered":"Pistacchio Sicilia"},"content":{"rendered":"\t\t<div data-elementor-type=\"wp-page\" data-elementor-id=\"15730\" class=\"elementor elementor-15730\" data-elementor-post-type=\"page\">\n\t\t\t\t\t\t<section class=\"elementor-section elementor-top-section elementor-element elementor-element-50a62c0d elementor-section-full_width elementor-section-height-min-height elementor-section-height-default elementor-section-items-middle\" data-id=\"50a62c0d\" data-element_type=\"section\" data-settings=\"{&quot;jet_parallax_layout_list&quot;:[],&quot;background_background&quot;:&quot;classic&quot;}\">\n\t\t\t\t\t\t\t<div class=\"elementor-background-overlay\"><\/div>\n\t\t\t\t\t\t\t<div class=\"elementor-container elementor-column-gap-no\">\n\t\t\t\t\t<div class=\"elementor-column elementor-col-100 elementor-top-column elementor-element elementor-element-145527d0\" data-id=\"145527d0\" data-element_type=\"column\">\n\t\t\t<div class=\"elementor-widget-wrap elementor-element-populated\">\n\t\t\t\t\t\t<div class=\"elementor-element elementor-element-17595a48 elementor-widget__width-auto elementor-widget elementor-widget-heading\" data-id=\"17595a48\" data-element_type=\"widget\" data-widget_type=\"heading.default\">\n\t\t\t\t<div class=\"elementor-widget-container\">\n\t\t\t\t\t<h1 class=\"elementor-heading-title elementor-size-default\">Pistacchio Sicilia<\/h1>\t\t\t\t<\/div>\n\t\t\t\t<\/div>\n\t\t\t\t\t<\/div>\n\t\t<\/div>\n\t\t\t\t\t<\/div>\n\t\t<\/section>\n\t\t\t\t<section class=\"elementor-section elementor-top-section elementor-element elementor-element-4df8a956 elementor-section-full_width riga-svg elementor-section-height-default elementor-section-height-default\" data-id=\"4df8a956\" data-element_type=\"section\" data-settings=\"{&quot;jet_parallax_layout_list&quot;:[],&quot;background_background&quot;:&quot;classic&quot;}\">\n\t\t\t\t\t\t<div class=\"elementor-container elementor-column-gap-no\">\n\t\t\t\t\t<div class=\"elementor-column elementor-col-33 elementor-top-column elementor-element elementor-element-70c6ef2b\" data-id=\"70c6ef2b\" data-element_type=\"column\" data-settings=\"{&quot;background_background&quot;:&quot;classic&quot;}\">\n\t\t\t<div class=\"elementor-widget-wrap\">\n\t\t\t\t\t\t\t<\/div>\n\t\t<\/div>\n\t\t\t\t<div class=\"elementor-column elementor-col-33 elementor-top-column elementor-element elementor-element-6e564a68 col-center\" data-id=\"6e564a68\" data-element_type=\"column\" data-settings=\"{&quot;background_background&quot;:&quot;classic&quot;}\">\n\t\t\t<div class=\"elementor-widget-wrap elementor-element-populated\">\n\t\t\t\t\t\t<div class=\"elementor-element elementor-element-3f6a74a elementor-widget__width-auto elementor-widget elementor-widget-html\" data-id=\"3f6a74a\" data-element_type=\"widget\" data-widget_type=\"html.default\">\n\t\t\t\t<div class=\"elementor-widget-container\">\n\t\t\t\t\t<svg version=\"1.1\" id=\"Layer_1\" xmlns=\"http:\/\/www.w3.org\/2000\/svg\" xmlns:xlink=\"http:\/\/www.w3.org\/1999\/xlink\" x=\"0px\" y=\"0px\" width=\"80px\" height=\"32px\" viewBox=\"0 0 80 32\" enable-background=\"new 0 0 80 32\" xml:space=\"preserve\">\r\n    <path fill=\"none\" x1=\"4.72\" y1=\"1.501\" x2=\"4.721\" y2=\"1.5\"><\/path>\r\n    <path d=\"M7.9,2.613\"><\/path>\r\n    <path fill=\"#FFFFFF\" d=\"M80,32V0.004h-0.082C79.892,0.004,79.864,0,79.835,0c-0.031,0-0.064,0.004-0.096,0.004h-0.211v0.01\r\n        c-3.099,0.075-5.931,1.262-8.14,3.202l-27.21,25.19c-1.548,1.312-2.979,1.877-4.178,1.877c-1.197,0-2.626-0.562-4.168-1.867\r\n        L8.611,3.217c-2.209-1.94-5.042-3.127-8.139-3.202v-0.01h-0.21C0.23,0.004,0.198,0,0.165,0C0.136,0,0.109,0.004,0.081,0.004H0V32H80\r\n        z\"><\/path>\r\n<\/svg>\r\n\t\t\t\t<\/div>\n\t\t\t\t<\/div>\n\t\t\t\t\t<\/div>\n\t\t<\/div>\n\t\t\t\t<div class=\"elementor-column elementor-col-33 elementor-top-column elementor-element elementor-element-23125289\" data-id=\"23125289\" data-element_type=\"column\" data-settings=\"{&quot;background_background&quot;:&quot;classic&quot;}\">\n\t\t\t<div class=\"elementor-widget-wrap\">\n\t\t\t\t\t\t\t<\/div>\n\t\t<\/div>\n\t\t\t\t\t<\/div>\n\t\t<\/section>\n\t\t\t\t<section class=\"elementor-section elementor-top-section elementor-element elementor-element-19394056 elementor-section-boxed elementor-section-height-default elementor-section-height-default\" data-id=\"19394056\" data-element_type=\"section\" data-settings=\"{&quot;jet_parallax_layout_list&quot;:[]}\">\n\t\t\t\t\t\t<div class=\"elementor-container elementor-column-gap-default\">\n\t\t\t\t\t<div class=\"elementor-column elementor-col-50 elementor-top-column elementor-element elementor-element-2acdbc5\" data-id=\"2acdbc5\" data-element_type=\"column\">\n\t\t\t<div class=\"elementor-widget-wrap elementor-element-populated\">\n\t\t\t\t\t\t<div class=\"elementor-element elementor-element-4913345e elementor-widget__width-auto elementor-widget elementor-widget-heading\" data-id=\"4913345e\" data-element_type=\"widget\" data-widget_type=\"heading.default\">\n\t\t\t\t<div class=\"elementor-widget-container\">\n\t\t\t\t\t<h2 class=\"elementor-heading-title elementor-size-default\">Origine<\/h2>\t\t\t\t<\/div>\n\t\t\t\t<\/div>\n\t\t\t\t<div class=\"elementor-element elementor-element-4fa48b11 elementor-widget elementor-widget-text-editor\" data-id=\"4fa48b11\" data-element_type=\"widget\" data-widget_type=\"text-editor.default\">\n\t\t\t\t<div class=\"elementor-widget-container\">\n\t\t\t\t\t\t\t\t\t<p>Simbolo della citt\u00e0 di <strong>Bronte<\/strong>, in provincia di Catania, il pistacchio di Bronte \u00e8 un prodotto che si distingue da quello coltivato nel resto della Sicilia per forma, colore e propriet\u00e0. Riconosciuto con il marchio <strong>DOP dall\u2019Unione Europea nel 2009<\/strong>, ha acquisito un elevato valore commerciale che gli \u00e8 valso il soprannome di <strong>\u201cOro Verde\u201d<\/strong>.<\/p>\t\t\t\t\t\t\t\t<\/div>\n\t\t\t\t<\/div>\n\t\t\t\t\t<\/div>\n\t\t<\/div>\n\t\t\t\t<div class=\"elementor-column elementor-col-50 elementor-top-column elementor-element elementor-element-7a3b4566\" data-id=\"7a3b4566\" data-element_type=\"column\">\n\t\t\t<div class=\"elementor-widget-wrap elementor-element-populated\">\n\t\t\t\t\t\t<div class=\"elementor-element elementor-element-061d238 elementor-widget__width-auto elementor-widget elementor-widget-heading\" data-id=\"061d238\" data-element_type=\"widget\" data-widget_type=\"heading.default\">\n\t\t\t\t<div class=\"elementor-widget-container\">\n\t\t\t\t\t<h2 class=\"elementor-heading-title elementor-size-default\">Specifiche<\/h2>\t\t\t\t<\/div>\n\t\t\t\t<\/div>\n\t\t\t\t<div class=\"elementor-element elementor-element-6a6d1ee elementor-widget elementor-widget-text-editor\" data-id=\"6a6d1ee\" data-element_type=\"widget\" data-widget_type=\"text-editor.default\">\n\t\t\t\t<div class=\"elementor-widget-container\">\n\t\t\t\t\t\t\t\t\t<p>La coltivazione di questo pregiato frutto <strong>avviene esclusivamente nei terreni vulcanici dei comuni di Bronte, Adrano e Biancavilla<\/strong>. Il suolo di queste aree, ricco di sostanze nutritive, insieme al clima variabile con forti escursioni termiche, conferisce al <strong>pistacchio DOP di Bronte<\/strong> una forma allungata e un sapore dolce, caratterizzato da un <strong>intenso colore violaceo all\u2019esterno e da un verde smeraldo all\u2019interno, dovuto all\u2019elevata presenza di clorofilla<\/strong>.<\/p>\t\t\t\t\t\t\t\t<\/div>\n\t\t\t\t<\/div>\n\t\t\t\t\t<\/div>\n\t\t<\/div>\n\t\t\t\t\t<\/div>\n\t\t<\/section>\n\t\t\t\t<section class=\"elementor-section elementor-top-section elementor-element elementor-element-d5d71b4 elementor-section-boxed elementor-section-height-default elementor-section-height-default\" data-id=\"d5d71b4\" data-element_type=\"section\" data-settings=\"{&quot;jet_parallax_layout_list&quot;:[]}\">\n\t\t\t\t\t\t<div class=\"elementor-container elementor-column-gap-default\">\n\t\t\t\t\t<div class=\"elementor-column elementor-col-50 elementor-top-column elementor-element elementor-element-e5d63aa\" data-id=\"e5d63aa\" data-element_type=\"column\">\n\t\t\t<div class=\"elementor-widget-wrap elementor-element-populated\">\n\t\t\t\t\t\t<div class=\"elementor-element elementor-element-bbcfc11 elementor-widget__width-auto elementor-widget elementor-widget-heading\" data-id=\"bbcfc11\" data-element_type=\"widget\" data-widget_type=\"heading.default\">\n\t\t\t\t<div class=\"elementor-widget-container\">\n\t\t\t\t\t<h2 class=\"elementor-heading-title elementor-size-default\">Propriet\u00e0<\/h2>\t\t\t\t<\/div>\n\t\t\t\t<\/div>\n\t\t\t\t<div class=\"elementor-element elementor-element-1fd8228 elementor-widget elementor-widget-text-editor\" data-id=\"1fd8228\" data-element_type=\"widget\" data-widget_type=\"text-editor.default\">\n\t\t\t\t<div class=\"elementor-widget-container\">\n\t\t\t\t\t\t\t\t\t<p><span style=\"caret-color: #000000; color: #000000; font-size: medium;\"><strong>Frutto prezioso per le sue propriet\u00e0 organolettiche, \u00e8 ricco di principi nutritivi e grassi monoinsaturi<\/strong>, che contribuiscono a regolare il colesterolo nel sangue. Non a caso, l\u2019<strong>Organizzazione Mondiale della Sanit\u00e0 ne consiglia un consumo fino a 30 g al giorno<\/strong>.<\/span><\/p>\t\t\t\t\t\t\t\t<\/div>\n\t\t\t\t<\/div>\n\t\t\t\t\t<\/div>\n\t\t<\/div>\n\t\t\t\t<div class=\"elementor-column elementor-col-50 elementor-top-column elementor-element elementor-element-2cb21d1\" data-id=\"2cb21d1\" data-element_type=\"column\">\n\t\t\t<div class=\"elementor-widget-wrap elementor-element-populated\">\n\t\t\t\t\t\t<div class=\"elementor-element elementor-element-2074f42 elementor-widget__width-auto elementor-widget elementor-widget-heading\" data-id=\"2074f42\" data-element_type=\"widget\" data-widget_type=\"heading.default\">\n\t\t\t\t<div class=\"elementor-widget-container\">\n\t\t\t\t\t<h2 class=\"elementor-heading-title elementor-size-default\">Utilizzo<\/h2>\t\t\t\t<\/div>\n\t\t\t\t<\/div>\n\t\t\t\t<div class=\"elementor-element elementor-element-22fe585 elementor-widget elementor-widget-text-editor\" data-id=\"22fe585\" data-element_type=\"widget\" data-widget_type=\"text-editor.default\">\n\t\t\t\t<div class=\"elementor-widget-container\">\n\t\t\t\t\t\t\t\t\t<p><strong>Il semilavorato \u00e8 adatto a qualsiasi tipo di lavorazione<\/strong>. Particolarmente utilizzato nei settori della <strong>pasticceria e della gelateria<\/strong> per decorazioni, paste e creme, grazie al suo gusto delicato e aromatico esalta il sapore di ogni creazione.<\/p>\t\t\t\t\t\t\t\t<\/div>\n\t\t\t\t<\/div>\n\t\t\t\t\t<\/div>\n\t\t<\/div>\n\t\t\t\t\t<\/div>\n\t\t<\/section>\n\t\t\t\t<section class=\"elementor-section elementor-top-section elementor-element elementor-element-44bfd84 elementor-section-content-middle elementor-reverse-mobile elementor-section-boxed elementor-section-height-default elementor-section-height-default\" data-id=\"44bfd84\" data-element_type=\"section\" data-settings=\"{&quot;jet_parallax_layout_list&quot;:[]}\">\n\t\t\t\t\t\t<div class=\"elementor-container elementor-column-gap-default\">\n\t\t\t\t\t<div class=\"elementor-column elementor-col-50 elementor-top-column elementor-element elementor-element-d5d827d\" data-id=\"d5d827d\" data-element_type=\"column\">\n\t\t\t<div class=\"elementor-widget-wrap elementor-element-populated\">\n\t\t\t\t\t\t<div class=\"elementor-element elementor-element-5395a1a elementor-widget elementor-widget-image\" data-id=\"5395a1a\" data-element_type=\"widget\" data-widget_type=\"image.default\">\n\t\t\t\t<div class=\"elementor-widget-container\">\n\t\t\t\t\t\t\t\t\t\t\t\t\t\t\t<img fetchpriority=\"high\" decoding=\"async\" width=\"649\" height=\"424\" src=\"https:\/\/edonesicilia.com\/wp-content\/uploads\/2025\/09\/pistacchio_edone-1.jpg\" class=\"attachment-large size-large wp-image-16251\" alt=\"\" srcset=\"https:\/\/edonesicilia.com\/wp-content\/uploads\/2025\/09\/pistacchio_edone-1.jpg 649w, https:\/\/edonesicilia.com\/wp-content\/uploads\/2025\/09\/pistacchio_edone-1-300x196.jpg 300w, https:\/\/edonesicilia.com\/wp-content\/uploads\/2025\/09\/pistacchio_edone-1-600x392.jpg 600w\" sizes=\"(max-width: 649px) 100vw, 649px\" \/>\t\t\t\t\t\t\t\t\t\t\t\t\t\t\t<\/div>\n\t\t\t\t<\/div>\n\t\t\t\t<div class=\"elementor-element elementor-element-6a53bf41 elementor-align-center custom-button-background elementor-mobile-align-center elementor-widget elementor-widget-button\" data-id=\"6a53bf41\" data-element_type=\"widget\" data-widget_type=\"button.default\">\n\t\t\t\t<div class=\"elementor-widget-container\">\n\t\t\t\t\t\t\t\t\t<div class=\"elementor-button-wrapper\">\n\t\t\t\t\t<a class=\"elementor-button elementor-button-link elementor-size-sm\" href=\"https:\/\/edonesicilia.com\/prodotto\/pasta-100-pistacchio-verde-di-bronte-d-o-p\/\">\n\t\t\t\t\t\t<span class=\"elementor-button-content-wrapper\">\n\t\t\t\t\t\t\t\t\t<span class=\"elementor-button-text\">Vai alla scheda prodotto<\/span>\n\t\t\t\t\t<\/span>\n\t\t\t\t\t<\/a>\n\t\t\t\t<\/div>\n\t\t\t\t\t\t\t\t<\/div>\n\t\t\t\t<\/div>\n\t\t\t\t\t<\/div>\n\t\t<\/div>\n\t\t\t\t<div class=\"elementor-column elementor-col-50 elementor-top-column elementor-element elementor-element-1014786\" data-id=\"1014786\" data-element_type=\"column\">\n\t\t\t<div class=\"elementor-widget-wrap elementor-element-populated\">\n\t\t\t\t\t\t<div class=\"elementor-element elementor-element-1f9ac5e elementor-widget__width-auto elementor-widget elementor-widget-heading\" data-id=\"1f9ac5e\" data-element_type=\"widget\" data-widget_type=\"heading.default\">\n\t\t\t\t<div class=\"elementor-widget-container\">\n\t\t\t\t\t<h2 class=\"elementor-heading-title elementor-size-default\">Curiosit\u00e0<\/h2>\t\t\t\t<\/div>\n\t\t\t\t<\/div>\n\t\t\t\t<div class=\"elementor-element elementor-element-25b4825 elementor-widget elementor-widget-text-editor\" data-id=\"25b4825\" data-element_type=\"widget\" data-widget_type=\"text-editor.default\">\n\t\t\t\t<div class=\"elementor-widget-container\">\n\t\t\t\t\t\t\t\t\t<p><strong>La raccolta avviene solo ogni due anni<\/strong>, per consentire alla pianta di rigenerarsi, ed \u00e8 ancora oggi effettuata a mano. I lavoratori, esperti del territorio, <strong>si arrampicano sui terreni scoscesi<\/strong>, scuotono i rami per <strong>raccogliere i frutti<\/strong> e li ripongono in <strong>contenitori portati al petto<\/strong>.<\/p>\t\t\t\t\t\t\t\t<\/div>\n\t\t\t\t<\/div>\n\t\t\t\t\t<\/div>\n\t\t<\/div>\n\t\t\t\t\t<\/div>\n\t\t<\/section>\n\t\t\t\t<\/div>\n\t\t","protected":false},"excerpt":{"rendered":"<p>Pistacchio Sicilia Origine Simbolo della citt\u00e0 di Bronte, in provincia di Catania, il pistacchio di Bronte \u00e8 un prodotto che si distingue da quello coltivato nel resto della Sicilia per forma, colore e propriet\u00e0. Riconosciuto con il marchio DOP dall\u2019Unione Europea nel 2009, ha acquisito un elevato valore commerciale che gli \u00e8 valso il soprannome [&hellip;]<\/p>\n","protected":false},"author":8,"featured_media":0,"parent":0,"menu_order":0,"comment_status":"closed","ping_status":"closed","template":"","meta":{"_acf_changed":false,"footnotes":""},"class_list":["post-15730","page","type-page","status-publish","hentry"],"acf":[],"_links":{"self":[{"href":"https:\/\/edonesicilia.com\/it\/wp-json\/wp\/v2\/pages\/15730","targetHints":{"allow":["GET"]}}],"collection":[{"href":"https:\/\/edonesicilia.com\/it\/wp-json\/wp\/v2\/pages"}],"about":[{"href":"https:\/\/edonesicilia.com\/it\/wp-json\/wp\/v2\/types\/page"}],"author":[{"embeddable":true,"href":"https:\/\/edonesicilia.com\/it\/wp-json\/wp\/v2\/users\/8"}],"replies":[{"embeddable":true,"href":"https:\/\/edonesicilia.com\/it\/wp-json\/wp\/v2\/comments?post=15730"}],"version-history":[{"count":17,"href":"https:\/\/edonesicilia.com\/it\/wp-json\/wp\/v2\/pages\/15730\/revisions"}],"predecessor-version":[{"id":16459,"href":"https:\/\/edonesicilia.com\/it\/wp-json\/wp\/v2\/pages\/15730\/revisions\/16459"}],"wp:attachment":[{"href":"https:\/\/edonesicilia.com\/it\/wp-json\/wp\/v2\/media?parent=15730"}],"curies":[{"name":"wp","href":"https:\/\/api.w.org\/{rel}","templated":true}]}}