{"id":15732,"date":"2025-05-29T10:01:40","date_gmt":"2025-05-29T08:01:40","guid":{"rendered":"https:\/\/edonesicilia.comedone\/?page_id=15732"},"modified":"2026-04-06T09:34:37","modified_gmt":"2026-04-06T07:34:37","slug":"mandorla","status":"publish","type":"page","link":"https:\/\/edonesicilia.com\/it\/mandorla\/","title":{"rendered":"Mandorla Sicilia"},"content":{"rendered":"\t\t<div data-elementor-type=\"wp-page\" data-elementor-id=\"15732\" class=\"elementor elementor-15732\" data-elementor-post-type=\"page\">\n\t\t\t\t\t\t<section class=\"elementor-section elementor-top-section elementor-element elementor-element-6206cc62 elementor-section-full_width elementor-section-height-min-height elementor-section-height-default elementor-section-items-middle\" data-id=\"6206cc62\" data-element_type=\"section\" data-settings=\"{&quot;jet_parallax_layout_list&quot;:[],&quot;background_background&quot;:&quot;classic&quot;}\">\n\t\t\t\t\t\t\t<div class=\"elementor-background-overlay\"><\/div>\n\t\t\t\t\t\t\t<div class=\"elementor-container elementor-column-gap-no\">\n\t\t\t\t\t<div class=\"elementor-column elementor-col-100 elementor-top-column elementor-element elementor-element-77db33cb\" data-id=\"77db33cb\" data-element_type=\"column\">\n\t\t\t<div class=\"elementor-widget-wrap elementor-element-populated\">\n\t\t\t\t\t\t<div class=\"elementor-element elementor-element-405843a elementor-widget__width-auto elementor-widget elementor-widget-heading\" data-id=\"405843a\" data-element_type=\"widget\" data-widget_type=\"heading.default\">\n\t\t\t\t<div class=\"elementor-widget-container\">\n\t\t\t\t\t<h1 class=\"elementor-heading-title elementor-size-default\">Mandorla Sicilia<\/h1>\t\t\t\t<\/div>\n\t\t\t\t<\/div>\n\t\t\t\t\t<\/div>\n\t\t<\/div>\n\t\t\t\t\t<\/div>\n\t\t<\/section>\n\t\t\t\t<section class=\"elementor-section elementor-top-section elementor-element elementor-element-74679150 elementor-section-full_width riga-svg elementor-section-height-default elementor-section-height-default\" data-id=\"74679150\" data-element_type=\"section\" data-settings=\"{&quot;jet_parallax_layout_list&quot;:[],&quot;background_background&quot;:&quot;classic&quot;}\">\n\t\t\t\t\t\t<div class=\"elementor-container elementor-column-gap-no\">\n\t\t\t\t\t<div class=\"elementor-column elementor-col-33 elementor-top-column elementor-element elementor-element-4ca8e827\" data-id=\"4ca8e827\" data-element_type=\"column\" data-settings=\"{&quot;background_background&quot;:&quot;classic&quot;}\">\n\t\t\t<div class=\"elementor-widget-wrap\">\n\t\t\t\t\t\t\t<\/div>\n\t\t<\/div>\n\t\t\t\t<div class=\"elementor-column elementor-col-33 elementor-top-column elementor-element elementor-element-4aaaa8ca col-center\" data-id=\"4aaaa8ca\" data-element_type=\"column\" data-settings=\"{&quot;background_background&quot;:&quot;classic&quot;}\">\n\t\t\t<div class=\"elementor-widget-wrap elementor-element-populated\">\n\t\t\t\t\t\t<div class=\"elementor-element elementor-element-1bf8728a elementor-widget__width-auto elementor-widget elementor-widget-html\" data-id=\"1bf8728a\" data-element_type=\"widget\" data-widget_type=\"html.default\">\n\t\t\t\t<div class=\"elementor-widget-container\">\n\t\t\t\t\t<svg version=\"1.1\" id=\"Layer_1\" xmlns=\"http:\/\/www.w3.org\/2000\/svg\" xmlns:xlink=\"http:\/\/www.w3.org\/1999\/xlink\" x=\"0px\" y=\"0px\" width=\"80px\" height=\"32px\" viewBox=\"0 0 80 32\" enable-background=\"new 0 0 80 32\" xml:space=\"preserve\">\r\n    <path fill=\"none\" x1=\"4.72\" y1=\"1.501\" x2=\"4.721\" y2=\"1.5\"><\/path>\r\n    <path d=\"M7.9,2.613\"><\/path>\r\n    <path fill=\"#FFFFFF\" d=\"M80,32V0.004h-0.082C79.892,0.004,79.864,0,79.835,0c-0.031,0-0.064,0.004-0.096,0.004h-0.211v0.01\r\n        c-3.099,0.075-5.931,1.262-8.14,3.202l-27.21,25.19c-1.548,1.312-2.979,1.877-4.178,1.877c-1.197,0-2.626-0.562-4.168-1.867\r\n        L8.611,3.217c-2.209-1.94-5.042-3.127-8.139-3.202v-0.01h-0.21C0.23,0.004,0.198,0,0.165,0C0.136,0,0.109,0.004,0.081,0.004H0V32H80\r\n        z\"><\/path>\r\n<\/svg>\r\n\t\t\t\t<\/div>\n\t\t\t\t<\/div>\n\t\t\t\t\t<\/div>\n\t\t<\/div>\n\t\t\t\t<div class=\"elementor-column elementor-col-33 elementor-top-column elementor-element elementor-element-67d9dd87\" data-id=\"67d9dd87\" data-element_type=\"column\" data-settings=\"{&quot;background_background&quot;:&quot;classic&quot;}\">\n\t\t\t<div class=\"elementor-widget-wrap\">\n\t\t\t\t\t\t\t<\/div>\n\t\t<\/div>\n\t\t\t\t\t<\/div>\n\t\t<\/section>\n\t\t\t\t<section class=\"elementor-section elementor-top-section elementor-element elementor-element-1e14a26 elementor-section-boxed elementor-section-height-default elementor-section-height-default\" data-id=\"1e14a26\" data-element_type=\"section\" data-settings=\"{&quot;jet_parallax_layout_list&quot;:[]}\">\n\t\t\t\t\t\t<div class=\"elementor-container elementor-column-gap-default\">\n\t\t\t\t\t<div class=\"elementor-column elementor-col-50 elementor-top-column elementor-element elementor-element-50f9075\" data-id=\"50f9075\" data-element_type=\"column\">\n\t\t\t<div class=\"elementor-widget-wrap elementor-element-populated\">\n\t\t\t\t\t\t<div class=\"elementor-element elementor-element-5e8b0167 elementor-widget__width-auto elementor-widget elementor-widget-heading\" data-id=\"5e8b0167\" data-element_type=\"widget\" data-widget_type=\"heading.default\">\n\t\t\t\t<div class=\"elementor-widget-container\">\n\t\t\t\t\t<h2 class=\"elementor-heading-title elementor-size-default\">Origine<\/h2>\t\t\t\t<\/div>\n\t\t\t\t<\/div>\n\t\t\t\t<div class=\"elementor-element elementor-element-4d555f3a elementor-widget elementor-widget-text-editor\" data-id=\"4d555f3a\" data-element_type=\"widget\" data-widget_type=\"text-editor.default\">\n\t\t\t\t<div class=\"elementor-widget-container\">\n\t\t\t\t\t\t\t\t\t<p><span style=\"caret-color: #000000; color: #000000; font-size: medium;\"><strong>La Val di Noto<\/strong>, tra le province di Siracusa e Ragusa, <strong>\u00e8 l\u2019area in cui viene coltivata la mandorla Pizzuta di Avola.<\/strong><\/span><\/p>\t\t\t\t\t\t\t\t<\/div>\n\t\t\t\t<\/div>\n\t\t\t\t\t<\/div>\n\t\t<\/div>\n\t\t\t\t<div class=\"elementor-column elementor-col-50 elementor-top-column elementor-element elementor-element-45fe6f6\" data-id=\"45fe6f6\" data-element_type=\"column\">\n\t\t\t<div class=\"elementor-widget-wrap elementor-element-populated\">\n\t\t\t\t\t\t<div class=\"elementor-element elementor-element-4bf53bb3 elementor-widget__width-auto elementor-widget elementor-widget-heading\" data-id=\"4bf53bb3\" data-element_type=\"widget\" data-widget_type=\"heading.default\">\n\t\t\t\t<div class=\"elementor-widget-container\">\n\t\t\t\t\t<h2 class=\"elementor-heading-title elementor-size-default\">Specifiche<\/h2>\t\t\t\t<\/div>\n\t\t\t\t<\/div>\n\t\t\t\t<div class=\"elementor-element elementor-element-1b401e4b elementor-widget elementor-widget-text-editor\" data-id=\"1b401e4b\" data-element_type=\"widget\" data-widget_type=\"text-editor.default\">\n\t\t\t\t<div class=\"elementor-widget-container\">\n\t\t\t\t\t\t\t\t\t<p><strong>Caratterizzata da un guscio duro e liscio<\/strong>, da una forma allungata e appiattita \u2014 da cui il nome \u201c<strong>pizzuta<\/strong>\u201d \u2014 e da un colore rosso scuro, la mandorla di Avola si distingue per essere <strong>pi\u00f9 secca rispetto ad altre variet\u00e0<\/strong>. La pianta, infatti, non necessita di irrigazione e ha quindi minori probabilit\u00e0 di essere attaccata da funghi, spesso responsabili di danni in altre coltivazioni.<\/p>\t\t\t\t\t\t\t\t<\/div>\n\t\t\t\t<\/div>\n\t\t\t\t\t<\/div>\n\t\t<\/div>\n\t\t\t\t\t<\/div>\n\t\t<\/section>\n\t\t\t\t<section class=\"elementor-section elementor-top-section elementor-element elementor-element-88baa44 elementor-section-boxed elementor-section-height-default elementor-section-height-default\" data-id=\"88baa44\" data-element_type=\"section\" data-settings=\"{&quot;jet_parallax_layout_list&quot;:[]}\">\n\t\t\t\t\t\t<div class=\"elementor-container elementor-column-gap-default\">\n\t\t\t\t\t<div class=\"elementor-column elementor-col-50 elementor-top-column elementor-element elementor-element-63be4ab\" data-id=\"63be4ab\" data-element_type=\"column\">\n\t\t\t<div class=\"elementor-widget-wrap elementor-element-populated\">\n\t\t\t\t\t\t<div class=\"elementor-element elementor-element-731d5ea5 elementor-widget__width-auto elementor-widget elementor-widget-heading\" data-id=\"731d5ea5\" data-element_type=\"widget\" data-widget_type=\"heading.default\">\n\t\t\t\t<div class=\"elementor-widget-container\">\n\t\t\t\t\t<h2 class=\"elementor-heading-title elementor-size-default\">Propriet\u00e0<\/h2>\t\t\t\t<\/div>\n\t\t\t\t<\/div>\n\t\t\t\t<div class=\"elementor-element elementor-element-4acd24f1 elementor-widget elementor-widget-text-editor\" data-id=\"4acd24f1\" data-element_type=\"widget\" data-widget_type=\"text-editor.default\">\n\t\t\t\t<div class=\"elementor-widget-container\">\n\t\t\t\t\t\t\t\t\t<p><strong>Composta per il 90% da grassi polinsaturi, Omega e grassi monoinsaturi<\/strong>, presenta una concentrazione di <strong>vitamina E superiore<\/strong> a quella di qualsiasi altra mandorla sul mercato, rendendola ideale per <strong>trattamenti anti-age<\/strong>. Naturalmente <strong>antinfiammatoria e ricca di principi nutritivi<\/strong>, \u00e8 un ingrediente fondamentale nella <strong>pasticceria<\/strong> di alta qualit\u00e0 e, per le sue propriet\u00e0 nutrizionali, \u00e8 utilizzata anche nella <strong>produzione di latte vegetale e in alimentazioni vegane e funzionali<\/strong>.<\/p>\t\t\t\t\t\t\t\t<\/div>\n\t\t\t\t<\/div>\n\t\t\t\t\t<\/div>\n\t\t<\/div>\n\t\t\t\t<div class=\"elementor-column elementor-col-50 elementor-top-column elementor-element elementor-element-6fcb753\" data-id=\"6fcb753\" data-element_type=\"column\">\n\t\t\t<div class=\"elementor-widget-wrap elementor-element-populated\">\n\t\t\t\t\t\t<div class=\"elementor-element elementor-element-336d1841 elementor-widget__width-auto elementor-widget elementor-widget-heading\" data-id=\"336d1841\" data-element_type=\"widget\" data-widget_type=\"heading.default\">\n\t\t\t\t<div class=\"elementor-widget-container\">\n\t\t\t\t\t<h2 class=\"elementor-heading-title elementor-size-default\">Utilizzo<\/h2>\t\t\t\t<\/div>\n\t\t\t\t<\/div>\n\t\t\t\t<div class=\"elementor-element elementor-element-b04234e elementor-widget elementor-widget-text-editor\" data-id=\"b04234e\" data-element_type=\"widget\" data-widget_type=\"text-editor.default\">\n\t\t\t\t<div class=\"elementor-widget-container\">\n\t\t\t\t\t\t\t\t\t<p><strong>Il semilavorato \u00e8 adatto a qualsiasi tipo di lavorazione<\/strong>.<br data-start=\"71\" data-end=\"74\" \/>Particolarmente impiegato nei settori della <strong>pasticceria e della gelateria<\/strong> per decorazioni, paste e creme, grazie al suo gusto delicato e aromatico <strong>esalta i sapori di ogni creazione<\/strong>.<\/p>\t\t\t\t\t\t\t\t<\/div>\n\t\t\t\t<\/div>\n\t\t\t\t\t<\/div>\n\t\t<\/div>\n\t\t\t\t\t<\/div>\n\t\t<\/section>\n\t\t\t\t<section class=\"elementor-section elementor-top-section elementor-element elementor-element-54a9259 elementor-section-boxed elementor-section-height-default elementor-section-height-default\" data-id=\"54a9259\" data-element_type=\"section\" data-settings=\"{&quot;jet_parallax_layout_list&quot;:[]}\">\n\t\t\t\t\t\t<div class=\"elementor-container elementor-column-gap-default\">\n\t\t\t\t\t<div class=\"elementor-column elementor-col-50 elementor-top-column elementor-element elementor-element-f00262e\" data-id=\"f00262e\" data-element_type=\"column\">\n\t\t\t<div class=\"elementor-widget-wrap elementor-element-populated\">\n\t\t\t\t\t\t<div class=\"elementor-element elementor-element-75cd3c7 elementor-widget elementor-widget-image\" data-id=\"75cd3c7\" data-element_type=\"widget\" data-widget_type=\"image.default\">\n\t\t\t\t<div class=\"elementor-widget-container\">\n\t\t\t\t\t\t\t\t\t\t\t\t\t\t\t<img fetchpriority=\"high\" decoding=\"async\" width=\"649\" height=\"424\" src=\"https:\/\/edonesicilia.com\/wp-content\/uploads\/2025\/09\/eccellenza_mandorla_edone-2.jpg\" class=\"attachment-large size-large wp-image-16330\" alt=\"\" srcset=\"https:\/\/edonesicilia.com\/wp-content\/uploads\/2025\/09\/eccellenza_mandorla_edone-2.jpg 649w, https:\/\/edonesicilia.com\/wp-content\/uploads\/2025\/09\/eccellenza_mandorla_edone-2-300x196.jpg 300w, https:\/\/edonesicilia.com\/wp-content\/uploads\/2025\/09\/eccellenza_mandorla_edone-2-600x392.jpg 600w\" sizes=\"(max-width: 649px) 100vw, 649px\" \/>\t\t\t\t\t\t\t\t\t\t\t\t\t\t\t<\/div>\n\t\t\t\t<\/div>\n\t\t\t\t<div class=\"elementor-element elementor-element-fbc0d81 elementor-align-center elementor-widget elementor-widget-button\" data-id=\"fbc0d81\" data-element_type=\"widget\" data-widget_type=\"button.default\">\n\t\t\t\t<div class=\"elementor-widget-container\">\n\t\t\t\t\t\t\t\t\t<div class=\"elementor-button-wrapper\">\n\t\t\t\t\t<a class=\"elementor-button elementor-button-link elementor-size-sm\" href=\"https:\/\/bp1a2vbulfu.preview.infomaniak.website\/applicazioni\/gelato-en\/\">\n\t\t\t\t\t\t<span class=\"elementor-button-content-wrapper\">\n\t\t\t\t\t\t\t\t\t<span class=\"elementor-button-text\">Go to the product sheet<\/span>\n\t\t\t\t\t<\/span>\n\t\t\t\t\t<\/a>\n\t\t\t\t<\/div>\n\t\t\t\t\t\t\t\t<\/div>\n\t\t\t\t<\/div>\n\t\t\t\t\t<\/div>\n\t\t<\/div>\n\t\t\t\t<div class=\"elementor-column elementor-col-50 elementor-top-column elementor-element elementor-element-bb0c8cb\" data-id=\"bb0c8cb\" data-element_type=\"column\">\n\t\t\t<div class=\"elementor-widget-wrap elementor-element-populated\">\n\t\t\t\t\t\t<div class=\"elementor-element elementor-element-c6a7336 elementor-widget__width-auto elementor-widget elementor-widget-heading\" data-id=\"c6a7336\" data-element_type=\"widget\" data-widget_type=\"heading.default\">\n\t\t\t\t<div class=\"elementor-widget-container\">\n\t\t\t\t\t<h2 class=\"elementor-heading-title elementor-size-default\">Curiosit\u00e0<\/h2>\t\t\t\t<\/div>\n\t\t\t\t<\/div>\n\t\t\t\t<div class=\"elementor-element elementor-element-cb59ab6 elementor-widget elementor-widget-text-editor\" data-id=\"cb59ab6\" data-element_type=\"widget\" data-widget_type=\"text-editor.default\">\n\t\t\t\t<div class=\"elementor-widget-container\">\n\t\t\t\t\t\t\t\t\t<p><strong>Viene ancora raccolta tradizionalmente a mano<\/strong>, tramite scuotitura con bastoni, e lasciata essiccare al sole per due o tre giorni.<\/p>\t\t\t\t\t\t\t\t<\/div>\n\t\t\t\t<\/div>\n\t\t\t\t\t<\/div>\n\t\t<\/div>\n\t\t\t\t\t<\/div>\n\t\t<\/section>\n\t\t\t\t<\/div>\n\t\t","protected":false},"excerpt":{"rendered":"<p>Mandorla Sicilia Origine La Val di Noto, tra le province di Siracusa e Ragusa, \u00e8 l\u2019area in cui viene coltivata la mandorla Pizzuta di Avola. Specifiche Caratterizzata da un guscio duro e liscio, da una forma allungata e appiattita \u2014 da cui il nome \u201cpizzuta\u201d \u2014 e da un colore rosso scuro, la mandorla di [&hellip;]<\/p>\n","protected":false},"author":8,"featured_media":0,"parent":0,"menu_order":0,"comment_status":"closed","ping_status":"closed","template":"","meta":{"_acf_changed":false,"footnotes":""},"class_list":["post-15732","page","type-page","status-publish","hentry"],"acf":[],"_links":{"self":[{"href":"https:\/\/edonesicilia.com\/it\/wp-json\/wp\/v2\/pages\/15732","targetHints":{"allow":["GET"]}}],"collection":[{"href":"https:\/\/edonesicilia.com\/it\/wp-json\/wp\/v2\/pages"}],"about":[{"href":"https:\/\/edonesicilia.com\/it\/wp-json\/wp\/v2\/types\/page"}],"author":[{"embeddable":true,"href":"https:\/\/edonesicilia.com\/it\/wp-json\/wp\/v2\/users\/8"}],"replies":[{"embeddable":true,"href":"https:\/\/edonesicilia.com\/it\/wp-json\/wp\/v2\/comments?post=15732"}],"version-history":[{"count":11,"href":"https:\/\/edonesicilia.com\/it\/wp-json\/wp\/v2\/pages\/15732\/revisions"}],"predecessor-version":[{"id":16462,"href":"https:\/\/edonesicilia.com\/it\/wp-json\/wp\/v2\/pages\/15732\/revisions\/16462"}],"wp:attachment":[{"href":"https:\/\/edonesicilia.com\/it\/wp-json\/wp\/v2\/media?parent=15732"}],"curies":[{"name":"wp","href":"https:\/\/api.w.org\/{rel}","templated":true}]}}