{"id":15736,"date":"2025-05-29T10:02:04","date_gmt":"2025-05-29T08:02:04","guid":{"rendered":"https:\/\/edonesicilia.comedone\/?page_id=15736"},"modified":"2026-04-06T09:55:47","modified_gmt":"2026-04-06T07:55:47","slug":"arancia","status":"publish","type":"page","link":"https:\/\/edonesicilia.com\/it\/arancia\/","title":{"rendered":"Arancia Sicilia"},"content":{"rendered":"\t\t<div data-elementor-type=\"wp-page\" data-elementor-id=\"15736\" class=\"elementor elementor-15736\" data-elementor-post-type=\"page\">\n\t\t\t\t\t\t<section class=\"elementor-section elementor-top-section elementor-element elementor-element-53628179 elementor-section-full_width elementor-section-height-min-height elementor-section-height-default elementor-section-items-middle\" data-id=\"53628179\" data-element_type=\"section\" data-settings=\"{&quot;jet_parallax_layout_list&quot;:[],&quot;background_background&quot;:&quot;classic&quot;}\">\n\t\t\t\t\t\t\t<div class=\"elementor-background-overlay\"><\/div>\n\t\t\t\t\t\t\t<div class=\"elementor-container elementor-column-gap-no\">\n\t\t\t\t\t<div class=\"elementor-column elementor-col-100 elementor-top-column elementor-element elementor-element-2ec7314\" data-id=\"2ec7314\" data-element_type=\"column\">\n\t\t\t<div class=\"elementor-widget-wrap elementor-element-populated\">\n\t\t\t\t\t\t<div class=\"elementor-element elementor-element-186aee39 elementor-widget__width-auto elementor-widget elementor-widget-heading\" data-id=\"186aee39\" data-element_type=\"widget\" data-widget_type=\"heading.default\">\n\t\t\t\t<div class=\"elementor-widget-container\">\n\t\t\t\t\t<h1 class=\"elementor-heading-title elementor-size-default\">Arancia Sicilia<\/h1>\t\t\t\t<\/div>\n\t\t\t\t<\/div>\n\t\t\t\t\t<\/div>\n\t\t<\/div>\n\t\t\t\t\t<\/div>\n\t\t<\/section>\n\t\t\t\t<section class=\"elementor-section elementor-top-section elementor-element elementor-element-526899e6 elementor-section-full_width riga-svg elementor-section-height-default elementor-section-height-default\" data-id=\"526899e6\" data-element_type=\"section\" data-settings=\"{&quot;jet_parallax_layout_list&quot;:[],&quot;background_background&quot;:&quot;classic&quot;}\">\n\t\t\t\t\t\t<div class=\"elementor-container elementor-column-gap-no\">\n\t\t\t\t\t<div class=\"elementor-column elementor-col-33 elementor-top-column elementor-element elementor-element-7185b3bf\" data-id=\"7185b3bf\" data-element_type=\"column\" data-settings=\"{&quot;background_background&quot;:&quot;classic&quot;}\">\n\t\t\t<div class=\"elementor-widget-wrap\">\n\t\t\t\t\t\t\t<\/div>\n\t\t<\/div>\n\t\t\t\t<div class=\"elementor-column elementor-col-33 elementor-top-column elementor-element elementor-element-6bbbc6fd col-center\" data-id=\"6bbbc6fd\" data-element_type=\"column\" data-settings=\"{&quot;background_background&quot;:&quot;classic&quot;}\">\n\t\t\t<div class=\"elementor-widget-wrap elementor-element-populated\">\n\t\t\t\t\t\t<div class=\"elementor-element elementor-element-1942eae5 elementor-widget__width-auto elementor-widget elementor-widget-html\" data-id=\"1942eae5\" data-element_type=\"widget\" data-widget_type=\"html.default\">\n\t\t\t\t<div class=\"elementor-widget-container\">\n\t\t\t\t\t<svg version=\"1.1\" id=\"Layer_1\" xmlns=\"http:\/\/www.w3.org\/2000\/svg\" xmlns:xlink=\"http:\/\/www.w3.org\/1999\/xlink\" x=\"0px\" y=\"0px\" width=\"80px\" height=\"32px\" viewBox=\"0 0 80 32\" enable-background=\"new 0 0 80 32\" xml:space=\"preserve\">\r\n    <path fill=\"none\" x1=\"4.72\" y1=\"1.501\" x2=\"4.721\" y2=\"1.5\"><\/path>\r\n    <path d=\"M7.9,2.613\"><\/path>\r\n    <path fill=\"#FFFFFF\" d=\"M80,32V0.004h-0.082C79.892,0.004,79.864,0,79.835,0c-0.031,0-0.064,0.004-0.096,0.004h-0.211v0.01\r\n        c-3.099,0.075-5.931,1.262-8.14,3.202l-27.21,25.19c-1.548,1.312-2.979,1.877-4.178,1.877c-1.197,0-2.626-0.562-4.168-1.867\r\n        L8.611,3.217c-2.209-1.94-5.042-3.127-8.139-3.202v-0.01h-0.21C0.23,0.004,0.198,0,0.165,0C0.136,0,0.109,0.004,0.081,0.004H0V32H80\r\n        z\"><\/path>\r\n<\/svg>\r\n\t\t\t\t<\/div>\n\t\t\t\t<\/div>\n\t\t\t\t\t<\/div>\n\t\t<\/div>\n\t\t\t\t<div class=\"elementor-column elementor-col-33 elementor-top-column elementor-element elementor-element-583cd751\" data-id=\"583cd751\" data-element_type=\"column\" data-settings=\"{&quot;background_background&quot;:&quot;classic&quot;}\">\n\t\t\t<div class=\"elementor-widget-wrap\">\n\t\t\t\t\t\t\t<\/div>\n\t\t<\/div>\n\t\t\t\t\t<\/div>\n\t\t<\/section>\n\t\t\t\t<section class=\"elementor-section elementor-top-section elementor-element elementor-element-4a499277 elementor-section-boxed elementor-section-height-default elementor-section-height-default\" data-id=\"4a499277\" data-element_type=\"section\" data-settings=\"{&quot;jet_parallax_layout_list&quot;:[]}\">\n\t\t\t\t\t\t<div class=\"elementor-container elementor-column-gap-default\">\n\t\t\t\t\t<div class=\"elementor-column elementor-col-50 elementor-top-column elementor-element elementor-element-1eccbf52\" data-id=\"1eccbf52\" data-element_type=\"column\">\n\t\t\t<div class=\"elementor-widget-wrap elementor-element-populated\">\n\t\t\t\t\t\t<div class=\"elementor-element elementor-element-74cb305 elementor-widget__width-auto elementor-widget elementor-widget-heading\" data-id=\"74cb305\" data-element_type=\"widget\" data-widget_type=\"heading.default\">\n\t\t\t\t<div class=\"elementor-widget-container\">\n\t\t\t\t\t<h2 class=\"elementor-heading-title elementor-size-default\">Origine<\/h2>\t\t\t\t<\/div>\n\t\t\t\t<\/div>\n\t\t\t\t<div class=\"elementor-element elementor-element-44be145a elementor-widget elementor-widget-text-editor\" data-id=\"44be145a\" data-element_type=\"widget\" data-widget_type=\"text-editor.default\">\n\t\t\t\t<div class=\"elementor-widget-container\">\n\t\t\t\t\t\t\t\t\t<p><strong>Frutto di origine asiatica, in particolare del Sud-Est asiatico<\/strong>, fu importato in Europa dai marinai portoghesi intorno al XIV secolo. Tuttavia, alcuni testi romani risalenti al I secolo a.C. fanno gi\u00e0 riferimento a un frutto coltivato in Sicilia chiamato \u201cmelarancio\u201d.<\/p>\t\t\t\t\t\t\t\t<\/div>\n\t\t\t\t<\/div>\n\t\t\t\t\t<\/div>\n\t\t<\/div>\n\t\t\t\t<div class=\"elementor-column elementor-col-50 elementor-top-column elementor-element elementor-element-37427230\" data-id=\"37427230\" data-element_type=\"column\">\n\t\t\t<div class=\"elementor-widget-wrap elementor-element-populated\">\n\t\t\t\t\t\t<div class=\"elementor-element elementor-element-124f478a elementor-widget__width-auto elementor-widget elementor-widget-heading\" data-id=\"124f478a\" data-element_type=\"widget\" data-widget_type=\"heading.default\">\n\t\t\t\t<div class=\"elementor-widget-container\">\n\t\t\t\t\t<h2 class=\"elementor-heading-title elementor-size-default\">Specifiche<\/h2>\t\t\t\t<\/div>\n\t\t\t\t<\/div>\n\t\t\t\t<div class=\"elementor-element elementor-element-60706ab elementor-widget elementor-widget-text-editor\" data-id=\"60706ab\" data-element_type=\"widget\" data-widget_type=\"text-editor.default\">\n\t\t\t\t<div class=\"elementor-widget-container\">\n\t\t\t\t\t\t\t\t\t<p><strong>Grazie alla geomorfologia del territorio e al clima secco<\/strong>, caratterizzato da importanti escursioni termiche tra giorno e notte, le arance siciliane <strong>si distinguono come un prodotto unico per caratteristiche e propriet\u00e0.<\/strong><\/p>\t\t\t\t\t\t\t\t<\/div>\n\t\t\t\t<\/div>\n\t\t\t\t\t<\/div>\n\t\t<\/div>\n\t\t\t\t\t<\/div>\n\t\t<\/section>\n\t\t\t\t<section class=\"elementor-section elementor-top-section elementor-element elementor-element-3d767078 elementor-section-boxed elementor-section-height-default elementor-section-height-default\" data-id=\"3d767078\" data-element_type=\"section\" data-settings=\"{&quot;jet_parallax_layout_list&quot;:[]}\">\n\t\t\t\t\t\t<div class=\"elementor-container elementor-column-gap-default\">\n\t\t\t\t\t<div class=\"elementor-column elementor-col-50 elementor-top-column elementor-element elementor-element-81d74c8\" data-id=\"81d74c8\" data-element_type=\"column\">\n\t\t\t<div class=\"elementor-widget-wrap elementor-element-populated\">\n\t\t\t\t\t\t<div class=\"elementor-element elementor-element-132fc88c elementor-widget__width-auto elementor-widget elementor-widget-heading\" data-id=\"132fc88c\" data-element_type=\"widget\" data-widget_type=\"heading.default\">\n\t\t\t\t<div class=\"elementor-widget-container\">\n\t\t\t\t\t<h2 class=\"elementor-heading-title elementor-size-default\">Propriet\u00e0<\/h2>\t\t\t\t<\/div>\n\t\t\t\t<\/div>\n\t\t\t\t<div class=\"elementor-element elementor-element-61d23ee4 elementor-widget elementor-widget-text-editor\" data-id=\"61d23ee4\" data-element_type=\"widget\" data-widget_type=\"text-editor.default\">\n\t\t\t\t<div class=\"elementor-widget-container\">\n\t\t\t\t\t\t\t\t\t<p>Possono presentare una colorazione che varia dal giallo-biondo all\u2019arancione fino al rosso, a seconda del terreno di origine. <strong>Ricche di vitamine \u2014 in particolare C, A, gruppo B e PP \u2014 contribuiscono a migliorare la circolazione grazie alla presenza di bioflavonoidi e favoriscono il corretto funzionamento dell\u2019intestino per l\u2019elevato contenuto di fibre<\/strong>. Sono inoltre un valido alleato contro l\u2019invecchiamento, grazie alla presenza di antiossidanti che contrastano i radicali liberi.<\/p>\t\t\t\t\t\t\t\t<\/div>\n\t\t\t\t<\/div>\n\t\t\t\t\t<\/div>\n\t\t<\/div>\n\t\t\t\t<div class=\"elementor-column elementor-col-50 elementor-top-column elementor-element elementor-element-4e8eb57f\" data-id=\"4e8eb57f\" data-element_type=\"column\">\n\t\t\t<div class=\"elementor-widget-wrap elementor-element-populated\">\n\t\t\t\t\t\t<div class=\"elementor-element elementor-element-75577e60 elementor-widget__width-auto elementor-widget elementor-widget-heading\" data-id=\"75577e60\" data-element_type=\"widget\" data-widget_type=\"heading.default\">\n\t\t\t\t<div class=\"elementor-widget-container\">\n\t\t\t\t\t<h2 class=\"elementor-heading-title elementor-size-default\">Utilizzo<\/h2>\t\t\t\t<\/div>\n\t\t\t\t<\/div>\n\t\t\t\t<div class=\"elementor-element elementor-element-317db4b4 elementor-widget elementor-widget-text-editor\" data-id=\"317db4b4\" data-element_type=\"widget\" data-widget_type=\"text-editor.default\">\n\t\t\t\t<div class=\"elementor-widget-container\">\n\t\t\t\t\t\t\t\t\t<p>Il semilavorato \u00e8 adatto a qualsiasi tipo di lavorazione. <strong>Particolarmente utilizzato nei settori della pasticceria, della gelateria e del beverage<\/strong>, il suo gusto intenso e aromatico valorizza ogni creazione.<\/p>\t\t\t\t\t\t\t\t<\/div>\n\t\t\t\t<\/div>\n\t\t\t\t\t<\/div>\n\t\t<\/div>\n\t\t\t\t\t<\/div>\n\t\t<\/section>\n\t\t\t\t<section class=\"elementor-section elementor-top-section elementor-element elementor-element-e248e23 elementor-section-boxed elementor-section-height-default elementor-section-height-default\" data-id=\"e248e23\" data-element_type=\"section\" data-settings=\"{&quot;jet_parallax_layout_list&quot;:[]}\">\n\t\t\t\t\t\t<div class=\"elementor-container elementor-column-gap-default\">\n\t\t\t\t\t<div class=\"elementor-column elementor-col-50 elementor-top-column elementor-element elementor-element-2caaa9a\" data-id=\"2caaa9a\" data-element_type=\"column\">\n\t\t\t<div class=\"elementor-widget-wrap elementor-element-populated\">\n\t\t\t\t\t\t<div class=\"elementor-element elementor-element-60a6d16 elementor-widget elementor-widget-image\" data-id=\"60a6d16\" data-element_type=\"widget\" data-widget_type=\"image.default\">\n\t\t\t\t<div class=\"elementor-widget-container\">\n\t\t\t\t\t\t\t\t\t\t\t\t\t\t\t<img fetchpriority=\"high\" decoding=\"async\" width=\"649\" height=\"424\" src=\"https:\/\/edonesicilia.com\/wp-content\/uploads\/2025\/09\/arancia_edone-2.jpg\" class=\"attachment-large size-large wp-image-16341\" alt=\"\" srcset=\"https:\/\/edonesicilia.com\/wp-content\/uploads\/2025\/09\/arancia_edone-2.jpg 649w, https:\/\/edonesicilia.com\/wp-content\/uploads\/2025\/09\/arancia_edone-2-300x196.jpg 300w, https:\/\/edonesicilia.com\/wp-content\/uploads\/2025\/09\/arancia_edone-2-600x392.jpg 600w\" sizes=\"(max-width: 649px) 100vw, 649px\" \/>\t\t\t\t\t\t\t\t\t\t\t\t\t\t\t<\/div>\n\t\t\t\t<\/div>\n\t\t\t\t\t<\/div>\n\t\t<\/div>\n\t\t\t\t<div class=\"elementor-column elementor-col-50 elementor-top-column elementor-element elementor-element-a41a3eb\" data-id=\"a41a3eb\" data-element_type=\"column\">\n\t\t\t<div class=\"elementor-widget-wrap elementor-element-populated\">\n\t\t\t\t\t\t<div class=\"elementor-element elementor-element-473b721 elementor-widget__width-auto elementor-widget elementor-widget-heading\" data-id=\"473b721\" data-element_type=\"widget\" data-widget_type=\"heading.default\">\n\t\t\t\t<div class=\"elementor-widget-container\">\n\t\t\t\t\t<h2 class=\"elementor-heading-title elementor-size-default\">Curiosit\u00e0<\/h2>\t\t\t\t<\/div>\n\t\t\t\t<\/div>\n\t\t\t\t<div class=\"elementor-element elementor-element-eeb99a2 elementor-widget elementor-widget-text-editor\" data-id=\"eeb99a2\" data-element_type=\"widget\" data-widget_type=\"text-editor.default\">\n\t\t\t\t<div class=\"elementor-widget-container\">\n\t\t\t\t\t\t\t\t\t<p>Le arance siciliane devono il loro colore intenso alle <strong>escursioni termiche tra giorno e notte: \u00e8 proprio questo sbalzo di temperatura a favorire la formazione degli antociani<\/strong>, responsabili delle sfumature pi\u00f9 rosse e profonde. <strong>Per secoli considerate un frutto prezioso, le arance venivano regalate durante le festivit\u00e0 come simbolo di prosperit\u00e0 e buon auspicio<\/strong>, diventando un elemento iconico della tradizione mediterranea.<\/p>\t\t\t\t\t\t\t\t<\/div>\n\t\t\t\t<\/div>\n\t\t\t\t\t<\/div>\n\t\t<\/div>\n\t\t\t\t\t<\/div>\n\t\t<\/section>\n\t\t\t\t<\/div>\n\t\t","protected":false},"excerpt":{"rendered":"<p>Arancia Sicilia Origine Frutto di origine asiatica, in particolare del Sud-Est asiatico, fu importato in Europa dai marinai portoghesi intorno al XIV secolo. Tuttavia, alcuni testi romani risalenti al I secolo a.C. fanno gi\u00e0 riferimento a un frutto coltivato in Sicilia chiamato \u201cmelarancio\u201d. Specifiche Grazie alla geomorfologia del territorio e al clima secco, caratterizzato da [&hellip;]<\/p>\n","protected":false},"author":8,"featured_media":0,"parent":0,"menu_order":0,"comment_status":"closed","ping_status":"closed","template":"","meta":{"_acf_changed":false,"footnotes":""},"class_list":["post-15736","page","type-page","status-publish","hentry"],"acf":[],"_links":{"self":[{"href":"https:\/\/edonesicilia.com\/it\/wp-json\/wp\/v2\/pages\/15736","targetHints":{"allow":["GET"]}}],"collection":[{"href":"https:\/\/edonesicilia.com\/it\/wp-json\/wp\/v2\/pages"}],"about":[{"href":"https:\/\/edonesicilia.com\/it\/wp-json\/wp\/v2\/types\/page"}],"author":[{"embeddable":true,"href":"https:\/\/edonesicilia.com\/it\/wp-json\/wp\/v2\/users\/8"}],"replies":[{"embeddable":true,"href":"https:\/\/edonesicilia.com\/it\/wp-json\/wp\/v2\/comments?post=15736"}],"version-history":[{"count":17,"href":"https:\/\/edonesicilia.com\/it\/wp-json\/wp\/v2\/pages\/15736\/revisions"}],"predecessor-version":[{"id":16473,"href":"https:\/\/edonesicilia.com\/it\/wp-json\/wp\/v2\/pages\/15736\/revisions\/16473"}],"wp:attachment":[{"href":"https:\/\/edonesicilia.com\/it\/wp-json\/wp\/v2\/media?parent=15736"}],"curies":[{"name":"wp","href":"https:\/\/api.w.org\/{rel}","templated":true}]}}